{"id":10891,"date":"2023-03-29T08:33:13","date_gmt":"2023-03-29T08:33:13","guid":{"rendered":"https:\/\/debarras-nettoyage-proservices.fr\/?page_id=10891"},"modified":"2023-03-29T08:33:13","modified_gmt":"2023-03-29T08:33:13","slug":"actualite","status":"publish","type":"page","link":"https:\/\/nettoyage-proservices.fr\/index.php\/actualite\/","title":{"rendered":"actualit\u00e9"},"content":{"rendered":"\t\t<div data-elementor-type=\"wp-page\" data-elementor-id=\"10891\" class=\"elementor elementor-10891\">\n\t\t\t\t\t\t\t\t\t<section class=\"elementor-section elementor-top-section elementor-element elementor-element-119a498a elementor-section-full_width elementor-section-height-default elementor-section-height-default\" data-id=\"119a498a\" data-element_type=\"section\">\n\t\t\t\t\t\t<div class=\"elementor-container elementor-column-gap-no\">\n\t\t\t\t\t<div class=\"elementor-column elementor-col-100 elementor-top-column elementor-element elementor-element-42e66cba\" data-id=\"42e66cba\" data-element_type=\"column\">\n\t\t\t<div class=\"elementor-widget-wrap elementor-element-populated\">\n\t\t\t\t\t\t\t\t<div class=\"elementor-element elementor-element-578fef7 elementor-widget elementor-widget-spacer\" data-id=\"578fef7\" data-element_type=\"widget\" data-widget_type=\"spacer.default\">\n\t\t\t\t<div class=\"elementor-widget-container\">\n\t\t\t<style>\/*! elementor - v3.8.1 - 13-11-2022 *\/\n.elementor-column .elementor-spacer-inner{height:var(--spacer-size)}.e-con{--container-widget-width:100%}.e-con-inner>.elementor-widget-spacer,.e-con>.elementor-widget-spacer{width:var(--container-widget-width,var(--spacer-size));-ms-flex-item-align:stretch;align-self:stretch;-ms-flex-negative:0;flex-shrink:0}.e-con-inner>.elementor-widget-spacer>.elementor-widget-container,.e-con-inner>.elementor-widget-spacer>.elementor-widget-container>.elementor-spacer,.e-con>.elementor-widget-spacer>.elementor-widget-container,.e-con>.elementor-widget-spacer>.elementor-widget-container>.elementor-spacer{height:100%}.e-con-inner>.elementor-widget-spacer>.elementor-widget-container>.elementor-spacer>.elementor-spacer-inner,.e-con>.elementor-widget-spacer>.elementor-widget-container>.elementor-spacer>.elementor-spacer-inner{height:var(--container-widget-height,var(--spacer-size))}<\/style>\t\t<div class=\"elementor-spacer\">\n\t\t\t<div class=\"elementor-spacer-inner\"><\/div>\n\t\t<\/div>\n\t\t\t\t<\/div>\n\t\t\t\t<\/div>\n\t\t\t\t<div class=\"elementor-element elementor-element-7a78873 elementor-widget elementor-widget-heading\" data-id=\"7a78873\" data-element_type=\"widget\" data-widget_type=\"heading.default\">\n\t\t\t\t<div class=\"elementor-widget-container\">\n\t\t\t<style>\/*! elementor - v3.8.1 - 13-11-2022 *\/\n.elementor-heading-title{padding:0;margin:0;line-height:1}.elementor-widget-heading .elementor-heading-title[class*=elementor-size-]>a{color:inherit;font-size:inherit;line-height:inherit}.elementor-widget-heading .elementor-heading-title.elementor-size-small{font-size:15px}.elementor-widget-heading .elementor-heading-title.elementor-size-medium{font-size:19px}.elementor-widget-heading .elementor-heading-title.elementor-size-large{font-size:29px}.elementor-widget-heading .elementor-heading-title.elementor-size-xl{font-size:39px}.elementor-widget-heading .elementor-heading-title.elementor-size-xxl{font-size:59px}<\/style><h2 class=\"elementor-heading-title elementor-size-default\">Actualit\u00e9 D\u00e9barras et Nettoyage Paris & IDF<\/h2>\t\t<\/div>\n\t\t\t\t<\/div>\n\t\t\t\t<div class=\"elementor-element elementor-element-7b65fbda elementor-widget elementor-widget-spacer\" data-id=\"7b65fbda\" data-element_type=\"widget\" data-widget_type=\"spacer.default\">\n\t\t\t\t<div class=\"elementor-widget-container\">\n\t\t\t\t\t<div class=\"elementor-spacer\">\n\t\t\t<div class=\"elementor-spacer-inner\"><\/div>\n\t\t<\/div>\n\t\t\t\t<\/div>\n\t\t\t\t<\/div>\n\t\t\t\t\t<\/div>\n\t\t<\/div>\n\t\t\t\t\t\t\t<\/div>\n\t\t<\/section>\n\t\t\t\t<section class=\"elementor-section elementor-top-section elementor-element elementor-element-32f153b5 elementor-section-boxed elementor-section-height-default elementor-section-height-default\" data-id=\"32f153b5\" data-element_type=\"section\">\n\t\t\t\t\t\t<div class=\"elementor-container elementor-column-gap-no\">\n\t\t\t\t\t<div class=\"elementor-column elementor-col-100 elementor-top-column elementor-element elementor-element-a31b60\" data-id=\"a31b60\" data-element_type=\"column\">\n\t\t\t<div class=\"elementor-widget-wrap elementor-element-populated\">\n\t\t\t\t\t\t\t\t<section class=\"elementor-section elementor-inner-section elementor-element elementor-element-42597a99 elementor-section-boxed elementor-section-height-default elementor-section-height-default\" data-id=\"42597a99\" data-element_type=\"section\">\n\t\t\t\t\t\t<div class=\"elementor-container elementor-column-gap-no\">\n\t\t\t\t\t<div class=\"elementor-column elementor-col-100 elementor-inner-column elementor-element elementor-element-21f75f8b\" data-id=\"21f75f8b\" data-element_type=\"column\">\n\t\t\t<div class=\"elementor-widget-wrap elementor-element-populated\">\n\t\t\t\t\t\t\t\t<div class=\"elementor-element elementor-element-99edf1f elementor-grid-3 elementor-grid-tablet-2 elementor-grid-mobile-1 elementor-posts--thumbnail-top elementor-posts--show-avatar elementor-card-shadow-yes elementor-posts__hover-gradient elementor-widget elementor-widget-posts\" data-id=\"99edf1f\" data-element_type=\"widget\" data-settings=\"{&quot;cards_row_gap&quot;:{&quot;unit&quot;:&quot;px&quot;,&quot;size&quot;:71,&quot;sizes&quot;:[]},&quot;pagination_type&quot;:&quot;numbers&quot;,&quot;cards_columns&quot;:&quot;3&quot;,&quot;cards_columns_tablet&quot;:&quot;2&quot;,&quot;cards_columns_mobile&quot;:&quot;1&quot;,&quot;cards_row_gap_tablet&quot;:{&quot;unit&quot;:&quot;px&quot;,&quot;size&quot;:&quot;&quot;,&quot;sizes&quot;:[]},&quot;cards_row_gap_mobile&quot;:{&quot;unit&quot;:&quot;px&quot;,&quot;size&quot;:&quot;&quot;,&quot;sizes&quot;:[]}}\" data-widget_type=\"posts.cards\">\n\t\t\t\t<div class=\"elementor-widget-container\">\n\t\t\t<link rel=\"stylesheet\" href=\"https:\/\/nettoyage-proservices.fr\/wp-content\/plugins\/elementor-pro\/assets\/css\/widget-posts.min.css\">\t\t<div class=\"elementor-posts-container elementor-posts elementor-posts--skin-cards elementor-grid\">\n\t\t\t\t<article class=\"elementor-post elementor-grid-item post-11879 post type-post status-publish format-standard has-post-thumbnail hentry category-uncategorized\">\n\t\t\t<div class=\"elementor-post__card\">\n\t\t\t\t<a class=\"elementor-post__thumbnail__link\" href=\"https:\/\/nettoyage-proservices.fr\/index.php\/2023\/11\/10\/debarras-et-nettoyage-restaurants\/\" ><div class=\"elementor-post__thumbnail\"><img decoding=\"async\" width=\"1024\" height=\"768\" src=\"https:\/\/nettoyage-proservices.fr\/wp-content\/uploads\/2024\/03\/402667437_859956152772667_5613519400703955238_n-1024x768-1.jpg\" class=\"attachment-full size-full\" alt=\"\" srcset=\"https:\/\/nettoyage-proservices.fr\/wp-content\/uploads\/2024\/03\/402667437_859956152772667_5613519400703955238_n-1024x768-1.jpg 1024w, https:\/\/nettoyage-proservices.fr\/wp-content\/uploads\/2024\/03\/402667437_859956152772667_5613519400703955238_n-1024x768-1-300x225.jpg 300w, https:\/\/nettoyage-proservices.fr\/wp-content\/uploads\/2024\/03\/402667437_859956152772667_5613519400703955238_n-1024x768-1-768x576.jpg 768w\" sizes=\"(max-width: 1024px) 100vw, 1024px\" \/><\/div><\/a>\n\t\t\t\t<div class=\"elementor-post__avatar\">\n\t\t\t<img alt='contact@tmconsultings.com' src='https:\/\/secure.gravatar.com\/avatar\/8e64234256e00a05b354d41939cec3d8de9e5481def7090b8333a86339360d4c?s=128&#038;d=mm&#038;r=g' srcset='https:\/\/secure.gravatar.com\/avatar\/8e64234256e00a05b354d41939cec3d8de9e5481def7090b8333a86339360d4c?s=256&#038;d=mm&#038;r=g 2x' class='avatar avatar-128 photo' height='128' width='128' \/>\t\t<\/div>\n\t\t\t\t<div class=\"elementor-post__text\">\n\t\t\t\t<h2 class=\"elementor-post__title\">\n\t\t\t<a href=\"https:\/\/nettoyage-proservices.fr\/index.php\/2023\/11\/10\/debarras-et-nettoyage-restaurants\/\" >\n\t\t\t\tD\u00e9barras et Nettoyage Restaurants\t\t\t<\/a>\n\t\t<\/h2>\n\t\t\t\t<div class=\"elementor-post__excerpt\">\n\t\t\t<p>Vous recherchez \u00e0 faire un debarras restaurant , \u00e0 Paris et en \u00cele-de-France ?. Nous comprenons que la gestion de l&rsquo;espace dans un \u00e9tablissement gastronomique est cruciale,<\/p>\n\t\t<\/div>\n\t\t\n\t\t<a class=\"elementor-post__read-more\" href=\"https:\/\/nettoyage-proservices.fr\/index.php\/2023\/11\/10\/debarras-et-nettoyage-restaurants\/\" >\n\t\t\tEn Savoir Plus \u00bb\t\t<\/a>\n\n\t\t\t\t<\/div>\n\t\t\t\t\t<\/div>\n\t\t<\/article>\n\t\t\t\t<article class=\"elementor-post elementor-grid-item post-11469 post type-post status-publish format-standard has-post-thumbnail hentry category-debarras-sur-paris\">\n\t\t\t<div class=\"elementor-post__card\">\n\t\t\t\t<a class=\"elementor-post__thumbnail__link\" href=\"https:\/\/nettoyage-proservices.fr\/index.php\/2023\/05\/16\/debarras-succession-paris-75\/\" ><div class=\"elementor-post__thumbnail\"><img decoding=\"async\" width=\"1200\" height=\"900\" src=\"https:\/\/nettoyage-proservices.fr\/wp-content\/uploads\/2023\/05\/debarras-succession-paris-1.jpg\" class=\"attachment-full size-full\" alt=\"\" srcset=\"https:\/\/nettoyage-proservices.fr\/wp-content\/uploads\/2023\/05\/debarras-succession-paris-1.jpg 1200w, https:\/\/nettoyage-proservices.fr\/wp-content\/uploads\/2023\/05\/debarras-succession-paris-1-300x225.jpg 300w, https:\/\/nettoyage-proservices.fr\/wp-content\/uploads\/2023\/05\/debarras-succession-paris-1-1024x768.jpg 1024w, https:\/\/nettoyage-proservices.fr\/wp-content\/uploads\/2023\/05\/debarras-succession-paris-1-768x576.jpg 768w\" sizes=\"(max-width: 1200px) 100vw, 1200px\" \/><\/div><\/a>\n\t\t\t\t<div class=\"elementor-post__avatar\">\n\t\t\t<img alt='contact@tmconsultings.com' src='https:\/\/secure.gravatar.com\/avatar\/8e64234256e00a05b354d41939cec3d8de9e5481def7090b8333a86339360d4c?s=128&#038;d=mm&#038;r=g' srcset='https:\/\/secure.gravatar.com\/avatar\/8e64234256e00a05b354d41939cec3d8de9e5481def7090b8333a86339360d4c?s=256&#038;d=mm&#038;r=g 2x' class='avatar avatar-128 photo' height='128' width='128' \/>\t\t<\/div>\n\t\t\t\t<div class=\"elementor-post__text\">\n\t\t\t\t<h2 class=\"elementor-post__title\">\n\t\t\t<a href=\"https:\/\/nettoyage-proservices.fr\/index.php\/2023\/05\/16\/debarras-succession-paris-75\/\" >\n\t\t\t\tD\u00e9barras succession Paris 75\t\t\t<\/a>\n\t\t<\/h2>\n\t\t\t\t<div class=\"elementor-post__excerpt\">\n\t\t\t<p>D\u00e9barras Succession Paris 75 idf 77, 78, 91, 92, 93, 94, 95 D\u00e9barras Succession Paris et Ile de France Notre soci\u00e9t\u00e9 se sp\u00e9cialise dans le d\u00e9barras de succession \u00e0 Paris<\/p>\n\t\t<\/div>\n\t\t\n\t\t<a class=\"elementor-post__read-more\" href=\"https:\/\/nettoyage-proservices.fr\/index.php\/2023\/05\/16\/debarras-succession-paris-75\/\" >\n\t\t\tEn Savoir Plus \u00bb\t\t<\/a>\n\n\t\t\t\t<\/div>\n\t\t\t\t\t<\/div>\n\t\t<\/article>\n\t\t\t\t<article class=\"elementor-post elementor-grid-item post-11282 post type-post status-publish format-standard has-post-thumbnail hentry category-uncategorized\">\n\t\t\t<div class=\"elementor-post__card\">\n\t\t\t\t<a class=\"elementor-post__thumbnail__link\" href=\"https:\/\/nettoyage-proservices.fr\/index.php\/2023\/05\/06\/societe-de-nettoyage-paris\/\" ><div class=\"elementor-post__thumbnail\"><img decoding=\"async\" width=\"2048\" height=\"1365\" src=\"https:\/\/nettoyage-proservices.fr\/wp-content\/uploads\/2023\/05\/societe-de-nettoyage-paris-1.jpg\" class=\"attachment-full size-full\" alt=\"\" srcset=\"https:\/\/nettoyage-proservices.fr\/wp-content\/uploads\/2023\/05\/societe-de-nettoyage-paris-1.jpg 2048w, https:\/\/nettoyage-proservices.fr\/wp-content\/uploads\/2023\/05\/societe-de-nettoyage-paris-1-300x200.jpg 300w, https:\/\/nettoyage-proservices.fr\/wp-content\/uploads\/2023\/05\/societe-de-nettoyage-paris-1-1024x683.jpg 1024w, https:\/\/nettoyage-proservices.fr\/wp-content\/uploads\/2023\/05\/societe-de-nettoyage-paris-1-768x512.jpg 768w, https:\/\/nettoyage-proservices.fr\/wp-content\/uploads\/2023\/05\/societe-de-nettoyage-paris-1-1536x1024.jpg 1536w\" sizes=\"(max-width: 2048px) 100vw, 2048px\" \/><\/div><\/a>\n\t\t\t\t<div class=\"elementor-post__avatar\">\n\t\t\t<img alt='contact@tmconsultings.com' src='https:\/\/secure.gravatar.com\/avatar\/8e64234256e00a05b354d41939cec3d8de9e5481def7090b8333a86339360d4c?s=128&#038;d=mm&#038;r=g' srcset='https:\/\/secure.gravatar.com\/avatar\/8e64234256e00a05b354d41939cec3d8de9e5481def7090b8333a86339360d4c?s=256&#038;d=mm&#038;r=g 2x' class='avatar avatar-128 photo' height='128' width='128' \/>\t\t<\/div>\n\t\t\t\t<div class=\"elementor-post__text\">\n\t\t\t\t<h2 class=\"elementor-post__title\">\n\t\t\t<a href=\"https:\/\/nettoyage-proservices.fr\/index.php\/2023\/05\/06\/societe-de-nettoyage-paris\/\" >\n\t\t\t\tSoci\u00e9t\u00e9 de Nettoyage Paris\t\t\t<\/a>\n\t\t<\/h2>\n\t\t\t\t<div class=\"elementor-post__excerpt\">\n\t\t\t<p>Soci\u00e9t\u00e9 de nettoyage Paris Nettoyage Proservices est une soci\u00e9t\u00e9 de nettoyage \u00e0 Paris pour particuliers COMME POUR LES PROFESSIONNELS .Nous offrons \u00e0 nos clients un grand nombre de services de<\/p>\n\t\t<\/div>\n\t\t\n\t\t<a class=\"elementor-post__read-more\" href=\"https:\/\/nettoyage-proservices.fr\/index.php\/2023\/05\/06\/societe-de-nettoyage-paris\/\" >\n\t\t\tEn Savoir Plus \u00bb\t\t<\/a>\n\n\t\t\t\t<\/div>\n\t\t\t\t\t<\/div>\n\t\t<\/article>\n\t\t\t\t<article class=\"elementor-post elementor-grid-item post-11179 post type-post status-publish format-standard has-post-thumbnail hentry category-uncategorized\">\n\t\t\t<div class=\"elementor-post__card\">\n\t\t\t\t<a class=\"elementor-post__thumbnail__link\" href=\"https:\/\/nettoyage-proservices.fr\/index.php\/2023\/04\/19\/elagage-des-arbres-a-paris-et-idf\/\" ><div class=\"elementor-post__thumbnail\"><img decoding=\"async\" width=\"1200\" height=\"900\" src=\"https:\/\/nettoyage-proservices.fr\/wp-content\/uploads\/2023\/04\/elagage-arbre-paris-1-1.jpg\" class=\"attachment-full size-full\" alt=\"\" srcset=\"https:\/\/nettoyage-proservices.fr\/wp-content\/uploads\/2023\/04\/elagage-arbre-paris-1-1.jpg 1200w, https:\/\/nettoyage-proservices.fr\/wp-content\/uploads\/2023\/04\/elagage-arbre-paris-1-1-300x225.jpg 300w, https:\/\/nettoyage-proservices.fr\/wp-content\/uploads\/2023\/04\/elagage-arbre-paris-1-1-1024x768.jpg 1024w, https:\/\/nettoyage-proservices.fr\/wp-content\/uploads\/2023\/04\/elagage-arbre-paris-1-1-768x576.jpg 768w\" sizes=\"(max-width: 1200px) 100vw, 1200px\" \/><\/div><\/a>\n\t\t\t\t<div class=\"elementor-post__avatar\">\n\t\t\t<img alt='contact@tmconsultings.com' src='https:\/\/secure.gravatar.com\/avatar\/8e64234256e00a05b354d41939cec3d8de9e5481def7090b8333a86339360d4c?s=128&#038;d=mm&#038;r=g' srcset='https:\/\/secure.gravatar.com\/avatar\/8e64234256e00a05b354d41939cec3d8de9e5481def7090b8333a86339360d4c?s=256&#038;d=mm&#038;r=g 2x' class='avatar avatar-128 photo' height='128' width='128' \/>\t\t<\/div>\n\t\t\t\t<div class=\"elementor-post__text\">\n\t\t\t\t<h2 class=\"elementor-post__title\">\n\t\t\t<a href=\"https:\/\/nettoyage-proservices.fr\/index.php\/2023\/04\/19\/elagage-des-arbres-a-paris-et-idf\/\" >\n\t\t\t\tElagage des arbres a paris et IDF\t\t\t<\/a>\n\t\t<\/h2>\n\t\t\t\t<div class=\"elementor-post__excerpt\">\n\t\t\t<p>Elagage des Arbres a Paris et IDF Notre soci\u00e9t\u00e9 de d\u00e9barras et Nettoyage est ainsi sp\u00e9cialis\u00e9e dans l&rsquo;entretien d&rsquo;espaces verts paris et l &lsquo; \u00e9lagage des arbres IDF , le<\/p>\n\t\t<\/div>\n\t\t\n\t\t<a class=\"elementor-post__read-more\" href=\"https:\/\/nettoyage-proservices.fr\/index.php\/2023\/04\/19\/elagage-des-arbres-a-paris-et-idf\/\" >\n\t\t\tEn Savoir Plus \u00bb\t\t<\/a>\n\n\t\t\t\t<\/div>\n\t\t\t\t\t<\/div>\n\t\t<\/article>\n\t\t\t\t<article class=\"elementor-post elementor-grid-item post-11126 post type-post status-publish format-standard has-post-thumbnail hentry category-uncategorized\">\n\t\t\t<div class=\"elementor-post__card\">\n\t\t\t\t<a class=\"elementor-post__thumbnail__link\" href=\"https:\/\/nettoyage-proservices.fr\/index.php\/2023\/04\/13\/debarras-appartement-paris-75-idf-77-78-91-92-93-94-95\/\" ><div class=\"elementor-post__thumbnail\"><img decoding=\"async\" width=\"1200\" height=\"900\" src=\"https:\/\/nettoyage-proservices.fr\/wp-content\/uploads\/2023\/04\/Debarras-appartement-Paris-75-1.jpeg\" class=\"attachment-full size-full\" alt=\"\" srcset=\"https:\/\/nettoyage-proservices.fr\/wp-content\/uploads\/2023\/04\/Debarras-appartement-Paris-75-1.jpeg 1200w, https:\/\/nettoyage-proservices.fr\/wp-content\/uploads\/2023\/04\/Debarras-appartement-Paris-75-1-300x225.jpeg 300w, https:\/\/nettoyage-proservices.fr\/wp-content\/uploads\/2023\/04\/Debarras-appartement-Paris-75-1-1024x768.jpeg 1024w, https:\/\/nettoyage-proservices.fr\/wp-content\/uploads\/2023\/04\/Debarras-appartement-Paris-75-1-768x576.jpeg 768w\" sizes=\"(max-width: 1200px) 100vw, 1200px\" \/><\/div><\/a>\n\t\t\t\t<div class=\"elementor-post__avatar\">\n\t\t\t<img alt='contact@tmconsultings.com' src='https:\/\/secure.gravatar.com\/avatar\/8e64234256e00a05b354d41939cec3d8de9e5481def7090b8333a86339360d4c?s=128&#038;d=mm&#038;r=g' srcset='https:\/\/secure.gravatar.com\/avatar\/8e64234256e00a05b354d41939cec3d8de9e5481def7090b8333a86339360d4c?s=256&#038;d=mm&#038;r=g 2x' class='avatar avatar-128 photo' height='128' width='128' \/>\t\t<\/div>\n\t\t\t\t<div class=\"elementor-post__text\">\n\t\t\t\t<h2 class=\"elementor-post__title\">\n\t\t\t<a href=\"https:\/\/nettoyage-proservices.fr\/index.php\/2023\/04\/13\/debarras-appartement-paris-75-idf-77-78-91-92-93-94-95\/\" >\n\t\t\t\tD\u00e9barras Appartement Paris 75, IDF, 77, 78, 91, 92, 93, 94, 95\t\t\t<\/a>\n\t\t<\/h2>\n\t\t\t\t<div class=\"elementor-post__excerpt\">\n\t\t\t<p>Service de D\u00e9barras Appartement Paris et IDF 77 , 78 , 91 , 92 , 93 , 94 , 95 Le d\u00e9barras appartement paris et IDF\u00a0 est une t\u00e2che fastidieuse<\/p>\n\t\t<\/div>\n\t\t\n\t\t<a class=\"elementor-post__read-more\" href=\"https:\/\/nettoyage-proservices.fr\/index.php\/2023\/04\/13\/debarras-appartement-paris-75-idf-77-78-91-92-93-94-95\/\" >\n\t\t\tEn Savoir Plus \u00bb\t\t<\/a>\n\n\t\t\t\t<\/div>\n\t\t\t\t\t<\/div>\n\t\t<\/article>\n\t\t\t\t<article class=\"elementor-post elementor-grid-item post-10963 post type-post status-publish format-standard has-post-thumbnail hentry category-uncategorized\">\n\t\t\t<div class=\"elementor-post__card\">\n\t\t\t\t<a class=\"elementor-post__thumbnail__link\" href=\"https:\/\/nettoyage-proservices.fr\/index.php\/2023\/04\/04\/debarras-saint-denis-93-maison-appartement\/\" ><div class=\"elementor-post__thumbnail\"><img decoding=\"async\" width=\"1200\" height=\"900\" src=\"https:\/\/nettoyage-proservices.fr\/wp-content\/uploads\/2023\/04\/debarras-saint-denis-93-maison-appartement-devis-gratuit-1.jpg\" class=\"attachment-full size-full\" alt=\"debarras-saint denis-93\" srcset=\"https:\/\/nettoyage-proservices.fr\/wp-content\/uploads\/2023\/04\/debarras-saint-denis-93-maison-appartement-devis-gratuit-1.jpg 1200w, https:\/\/nettoyage-proservices.fr\/wp-content\/uploads\/2023\/04\/debarras-saint-denis-93-maison-appartement-devis-gratuit-1-300x225.jpg 300w, https:\/\/nettoyage-proservices.fr\/wp-content\/uploads\/2023\/04\/debarras-saint-denis-93-maison-appartement-devis-gratuit-1-1024x768.jpg 1024w, https:\/\/nettoyage-proservices.fr\/wp-content\/uploads\/2023\/04\/debarras-saint-denis-93-maison-appartement-devis-gratuit-1-768x576.jpg 768w\" sizes=\"(max-width: 1200px) 100vw, 1200px\" \/><\/div><\/a>\n\t\t\t\t<div class=\"elementor-post__avatar\">\n\t\t\t<img alt='contact@tmconsultings.com' src='https:\/\/secure.gravatar.com\/avatar\/8e64234256e00a05b354d41939cec3d8de9e5481def7090b8333a86339360d4c?s=128&#038;d=mm&#038;r=g' srcset='https:\/\/secure.gravatar.com\/avatar\/8e64234256e00a05b354d41939cec3d8de9e5481def7090b8333a86339360d4c?s=256&#038;d=mm&#038;r=g 2x' class='avatar avatar-128 photo' height='128' width='128' \/>\t\t<\/div>\n\t\t\t\t<div class=\"elementor-post__text\">\n\t\t\t\t<h2 class=\"elementor-post__title\">\n\t\t\t<a href=\"https:\/\/nettoyage-proservices.fr\/index.php\/2023\/04\/04\/debarras-saint-denis-93-maison-appartement\/\" >\n\t\t\t\tD\u00e9barras Saint Denis (93) Maison &#038; appartement\t\t\t<\/a>\n\t\t<\/h2>\n\t\t\t\t<div class=\"elementor-post__excerpt\">\n\t\t\t<p>Debarras Proservices : Besoin d&rsquo;un d\u00e9barras Saint-Denis (93) ? Vous cherchez une soci\u00e9t\u00e9 de d\u00e9barras\u00a0 sur Saint Denis (93) ? Notre \u00e9quipe de d\u00e9barrasseurs professionnels , d\u00e9barras proservices se met<\/p>\n\t\t<\/div>\n\t\t\n\t\t<a class=\"elementor-post__read-more\" href=\"https:\/\/nettoyage-proservices.fr\/index.php\/2023\/04\/04\/debarras-saint-denis-93-maison-appartement\/\" >\n\t\t\tEn Savoir Plus \u00bb\t\t<\/a>\n\n\t\t\t\t<\/div>\n\t\t\t\t\t<\/div>\n\t\t<\/article>\n\t\t\t\t<\/div>\n\n\n\t\t\n\t\t\t\t<div class=\"e-load-more-anchor\" data-page=\"1\" data-max-page=\"5\" data-next-page=\"https:\/\/nettoyage-proservices.fr\/index.php\/wp-json\/wp\/v2\/pages\/10891\/page\/2\/\"><\/div>\n\t\t\t\t<nav class=\"elementor-pagination\" role=\"navigation\" aria-label=\"Pagination\">\n\t\t\t<span aria-current=\"page\" class=\"page-numbers current\"><span class=\"elementor-screen-only\">Page<\/span>1<\/span>\n<a class=\"page-numbers\" href=\"https:\/\/nettoyage-proservices.fr\/index.php\/wp-json\/wp\/v2\/pages\/10891\/page\/2\/\"><span class=\"elementor-screen-only\">Page<\/span>2<\/a>\n<a class=\"page-numbers\" href=\"https:\/\/nettoyage-proservices.fr\/index.php\/wp-json\/wp\/v2\/pages\/10891\/page\/3\/\"><span class=\"elementor-screen-only\">Page<\/span>3<\/a>\n<a class=\"page-numbers\" href=\"https:\/\/nettoyage-proservices.fr\/index.php\/wp-json\/wp\/v2\/pages\/10891\/page\/4\/\"><span class=\"elementor-screen-only\">Page<\/span>4<\/a>\n<a class=\"page-numbers\" href=\"https:\/\/nettoyage-proservices.fr\/index.php\/wp-json\/wp\/v2\/pages\/10891\/page\/5\/\"><span class=\"elementor-screen-only\">Page<\/span>5<\/a>\t\t<\/nav>\n\t\t\t\t<\/div>\n\t\t\t\t<\/div>\n\t\t\t\t\t<\/div>\n\t\t<\/div>\n\t\t\t\t\t\t\t<\/div>\n\t\t<\/section>\n\t\t\t\t\t<\/div>\n\t\t<\/div>\n\t\t\t\t\t\t\t<\/div>\n\t\t<\/section>\n\t\t\t\t\t\t\t<\/div>\n\t\t","protected":false},"excerpt":{"rendered":"<p>Actualit\u00e9 D\u00e9barras et Nettoyage Paris &#038; IDF<\/p>\n","protected":false},"author":1,"featured_media":0,"parent":0,"menu_order":0,"comment_status":"closed","ping_status":"closed","template":"elementor_header_footer","meta":{"om_disable_all_campaigns":false,"_monsterinsights_skip_tracking":false,"_monsterinsights_sitenote_active":false,"_monsterinsights_sitenote_note":"","_monsterinsights_sitenote_category":0,"site-sidebar-layout":"default","site-content-layout":"","ast-site-content-layout":"","site-content-style":"default","site-sidebar-style":"default","ast-global-header-display":"","ast-banner-title-visibility":"","ast-main-header-display":"","ast-hfb-above-header-display":"","ast-hfb-below-header-display":"","ast-hfb-mobile-header-display":"","site-post-title":"","ast-breadcrumbs-content":"","ast-featured-img":"","footer-sml-layout":"","theme-transparent-header-meta":"","adv-header-id-meta":"","stick-header-meta":"","header-above-stick-meta":"","header-main-stick-meta":"","header-below-stick-meta":"","astra-migrate-meta-layouts":"default","ast-page-background-enabled":"default","ast-page-background-meta":{"desktop":{"background-color":"var(--ast-global-color-4)","background-image":"","background-repeat":"repeat","background-position":"center center","background-size":"auto","background-attachment":"scroll","background-type":"","background-media":"","overlay-type":"","overlay-color":"","overlay-gradient":""},"tablet":{"background-color":"","background-image":"","background-repeat":"repeat","background-position":"center center","background-size":"auto","background-attachment":"scroll","background-type":"","background-media":"","overlay-type":"","overlay-color":"","overlay-gradient":""},"mobile":{"background-color":"","background-image":"","background-repeat":"repeat","background-position":"center center","background-size":"auto","background-attachment":"scroll","background-type":"","background-media":"","overlay-type":"","overlay-color":"","overlay-gradient":""}},"ast-content-background-meta":{"desktop":{"background-color":"var(--ast-global-color-5)","background-image":"","background-repeat":"repeat","background-position":"center center","background-size":"auto","background-attachment":"scroll","background-type":"","background-media":"","overlay-type":"","overlay-color":"","overlay-gradient":""},"tablet":{"background-color":"var(--ast-global-color-5)","background-image":"","background-repeat":"repeat","background-position":"center center","background-size":"auto","background-attachment":"scroll","background-type":"","background-media":"","overlay-type":"","overlay-color":"","overlay-gradient":""},"mobile":{"background-color":"var(--ast-global-color-5)","background-image":"","background-repeat":"repeat","background-position":"center center","background-size":"auto","background-attachment":"scroll","background-type":"","background-media":"","overlay-type":"","overlay-color":"","overlay-gradient":""}},"footnotes":""},"class_list":["post-10891","page","type-page","status-publish","hentry"],"_links":{"self":[{"href":"https:\/\/nettoyage-proservices.fr\/index.php\/wp-json\/wp\/v2\/pages\/10891","targetHints":{"allow":["GET"]}}],"collection":[{"href":"https:\/\/nettoyage-proservices.fr\/index.php\/wp-json\/wp\/v2\/pages"}],"about":[{"href":"https:\/\/nettoyage-proservices.fr\/index.php\/wp-json\/wp\/v2\/types\/page"}],"author":[{"embeddable":true,"href":"https:\/\/nettoyage-proservices.fr\/index.php\/wp-json\/wp\/v2\/users\/1"}],"replies":[{"embeddable":true,"href":"https:\/\/nettoyage-proservices.fr\/index.php\/wp-json\/wp\/v2\/comments?post=10891"}],"version-history":[{"count":0,"href":"https:\/\/nettoyage-proservices.fr\/index.php\/wp-json\/wp\/v2\/pages\/10891\/revisions"}],"wp:attachment":[{"href":"https:\/\/nettoyage-proservices.fr\/index.php\/wp-json\/wp\/v2\/media?parent=10891"}],"curies":[{"name":"wp","href":"https:\/\/api.w.org\/{rel}","templated":true}]}}