{"id":558,"date":"2015-10-20T11:18:25","date_gmt":"2015-10-20T11:18:25","guid":{"rendered":"http:\/\/nettoyage-proservices.fr\/?page_id=558"},"modified":"2024-03-08T15:13:44","modified_gmt":"2024-03-08T14:13:44","slug":"debarras-gravats","status":"publish","type":"page","link":"https:\/\/nettoyage-proservices.fr\/index.php\/debarras-gravats\/","title":{"rendered":"Debarras Gravats"},"content":{"rendered":"\t\t<div data-elementor-type=\"wp-page\" data-elementor-id=\"558\" class=\"elementor elementor-558\">\n\t\t\t\t\t\t\t\t\t<section class=\"elementor-section elementor-top-section elementor-element elementor-element-21d077e4 elementor-section-boxed elementor-section-height-default elementor-section-height-default\" data-id=\"21d077e4\" data-element_type=\"section\">\n\t\t\t\t\t\t<div class=\"elementor-container elementor-column-gap-default\">\n\t\t\t\t\t<div class=\"elementor-column elementor-col-100 elementor-top-column elementor-element elementor-element-a884e10\" data-id=\"a884e10\" data-element_type=\"column\">\n\t\t\t<div class=\"elementor-widget-wrap elementor-element-populated\">\n\t\t\t\t\t\t\t\t<div class=\"elementor-element elementor-element-78fab28c elementor-widget elementor-widget-text-editor\" data-id=\"78fab28c\" data-element_type=\"widget\" data-widget_type=\"text-editor.default\">\n\t\t\t\t<div class=\"elementor-widget-container\">\n\t\t\t<style>\/*! elementor - v3.8.1 - 13-11-2022 *\/\n.elementor-widget-text-editor.elementor-drop-cap-view-stacked .elementor-drop-cap{background-color:#818a91;color:#fff}.elementor-widget-text-editor.elementor-drop-cap-view-framed .elementor-drop-cap{color:#818a91;border:3px solid;background-color:transparent}.elementor-widget-text-editor:not(.elementor-drop-cap-view-default) .elementor-drop-cap{margin-top:8px}.elementor-widget-text-editor:not(.elementor-drop-cap-view-default) .elementor-drop-cap-letter{width:1em;height:1em}.elementor-widget-text-editor .elementor-drop-cap{float:left;text-align:center;line-height:1;font-size:50px}.elementor-widget-text-editor .elementor-drop-cap-letter{display:inline-block}<\/style>\t\t\t\t<p>Apr\u00e8s des travaux de construction, r\u00e9novation ou d\u00e9molition, le chantier peut devenir un endroit dangereux \u00e0 cause des d\u00e9bris et des d\u00e9chets nocifs. Ces\u00a0 travaux engendrent des d\u00e9chets qui ne d\u00e9composent pas et qui ne peuvent pas \u00eatre br\u00fbl\u00e9s ce sont des gravats dits inertes. Alors il faudrait penser \u00e0 les faire \u00e9vacuer hors du chantier.<\/p><p>Se d\u00e9barrasser de gravats\u00a0 (des sacs de d\u00e9bris, de sables, ou de ciment, de bois, de ferrailles \u00a0etc.) prendrait beaucoup de temps et \u00a0par dessus le march\u00e9 vous allez devoir faire appel \u00e0 une main d\u2019\u0153uvre importante qui vous co\u00fbtera une fortune.<\/p><p>Sans oublier la n\u00e9cessit\u00e9 des outils et des mat\u00e9riaux adapt\u00e9s comme les camions bennes ou les outils sp\u00e9cifiques qui vous permettraient d\u2019enlever les gravats des zones\u00a0 \u00e9lev\u00e9es ou difficiles d\u2019acc\u00e8s. Ainsi pour votre s\u00e9curit\u00e9 et pour gagner du temps, demander les services d\u2019un professionnel pour vous d\u00e9barrasser de gravats\u00a0de votre chantier s\u2019av\u00e8re \u00eatre n\u00e9cessaire.<\/p><h2><strong>Pourquoi choisir Nettoyage Proservices\u00a0 pour le debarras Gravats ?<\/strong><\/h2><p><a href=\"https:\/\/debarras-nettoyage-proservices.fr\/\">Nettoyage Proservices<\/a> a pour mission de satisfaire ses clients en leur proposant des <a href=\"https:\/\/debarras-nettoyage-proservices.fr\/nettoyage-fin-de-chantier\/\">services de d\u00e9barras apr\u00e8s qu\u2019un chantier<\/a> a pris fin \u00a0\u00e0 Paris et en \u00eele de France.<\/p><p><img decoding=\"async\" class=\"alignnone wp-image-1243 size-full\" src=\"https:\/\/debarras-nettoyage-proservices.fr\/wp-nps\/wp-content\/uploads\/2018\/04\/Debarras-gravats.jpg\" alt=\"Debarras gravats ile de france\" width=\"1024\" height=\"299\" \/><\/p><p>Notre entreprise r\u00e9sout vos probl\u00e8mes de debarras gravats en proc\u00e9dant par le ramassage et le tri des diff\u00e9rents d\u00e9chets pour ensuite les \u00e9vacuer de votre chantier apr\u00e8s d\u00e9constructions, constructions et r\u00e9novations. Elle assure \u00e9galement l\u2019enl\u00e8vement de diff\u00e9rents d\u00e9bris de construction pour que le chantier soit propre et s\u00fbr.<\/p><p>D\u00e9barras Proservices intervient en fin de chantier pour vous d\u00e9barrasser des Gravats d\u2019une mani\u00e8re efficace, dans des d\u00e9lais impressionnants et d\u2019une grande qualit\u00e9 d\u2019ex\u00e9cution. Ayant une importante exp\u00e9rience sur le terrain, notre \u00e9quipe est form\u00e9e pour surmonter les difficult\u00e9s et atteindre toutes les zones difficiles d\u2019acc\u00e8s.\u00a0 \u00a0Nos services de debarras de gravats sont disponibles \u00e0 Paris et en \u00eele de France.<\/p><p>Nous vous proposons d&rsquo;autres services de d\u00e9barras telque <a href=\"https:\/\/debarras-nettoyage-proservices.fr\/debarras-appartement\/\">d\u00e9barras appartement<\/a>, <a href=\"https:\/\/debarras-nettoyage-proservices.fr\/debarras-maison\/\">maison<\/a>,\u00a0<a href=\"https:\/\/debarras-nettoyage-proservices.fr\/debarras-cave\/\">cave<\/a>, <a href=\"https:\/\/debarras-nettoyage-proservices.fr\/debarras-locaux\/\">locaux<\/a>, <a href=\"https:\/\/debarras-nettoyage-proservices.fr\/debarras\/debarras-bureaux\/\">bureaux<\/a><\/p><p>Appelez-nous donc au <strong>01 43 09 81 62 <\/strong>ou <a title=\"contacez nous\" href=\"https:\/\/debarras-nettoyage-proservices.fr\/proservices-devis\/\">contacez nous<\/a> par mail, nous nous occuperons de tout.<\/p><p>Aucun effort n&rsquo;est requis de votre part. Notre engagement comprend l&rsquo;enl\u00e8vement, le chargement, <a href=\"https:\/\/debarras-nettoyage-proservices.fr\/services-de-nettoyage\/\">le nettoyage<\/a> ainsi que le transport.<\/p>\t\t\t\t\t\t<\/div>\n\t\t\t\t<\/div>\n\t\t\t\t\t<\/div>\n\t\t<\/div>\n\t\t\t\t\t\t\t<\/div>\n\t\t<\/section>\n\t\t\t\t\t\t\t<\/div>\n\t\t","protected":false},"excerpt":{"rendered":"<p>Apr\u00e8s des travaux de construction, r\u00e9novation ou d\u00e9molition, le chantier peut devenir un endroit dangereux \u00e0 cause des d\u00e9bris et [&hellip;]<\/p>\n","protected":false},"author":1,"featured_media":0,"parent":0,"menu_order":8,"comment_status":"closed","ping_status":"closed","template":"","meta":{"om_disable_all_campaigns":false,"_monsterinsights_skip_tracking":false,"_monsterinsights_sitenote_active":false,"_monsterinsights_sitenote_note":"","_monsterinsights_sitenote_category":0,"site-sidebar-layout":"default","site-content-layout":"","ast-site-content-layout":"","site-content-style":"default","site-sidebar-style":"default","ast-global-header-display":"","ast-banner-title-visibility":"","ast-main-header-display":"","ast-hfb-above-header-display":"","ast-hfb-below-header-display":"","ast-hfb-mobile-header-display":"","site-post-title":"","ast-breadcrumbs-content":"","ast-featured-img":"","footer-sml-layout":"","theme-transparent-header-meta":"","adv-header-id-meta":"","stick-header-meta":"","header-above-stick-meta":"","header-main-stick-meta":"","header-below-stick-meta":"","astra-migrate-meta-layouts":"default","ast-page-background-enabled":"default","ast-page-background-meta":{"desktop":{"background-color":"var(--ast-global-color-4)","background-image":"","background-repeat":"repeat","background-position":"center center","background-size":"auto","background-attachment":"scroll","background-type":"","background-media":"","overlay-type":"","overlay-color":"","overlay-gradient":""},"tablet":{"background-color":"","background-image":"","background-repeat":"repeat","background-position":"center center","background-size":"auto","background-attachment":"scroll","background-type":"","background-media":"","overlay-type":"","overlay-color":"","overlay-gradient":""},"mobile":{"background-color":"","background-image":"","background-repeat":"repeat","background-position":"center center","background-size":"auto","background-attachment":"scroll","background-type":"","background-media":"","overlay-type":"","overlay-color":"","overlay-gradient":""}},"ast-content-background-meta":{"desktop":{"background-color":"var(--ast-global-color-5)","background-image":"","background-repeat":"repeat","background-position":"center center","background-size":"auto","background-attachment":"scroll","background-type":"","background-media":"","overlay-type":"","overlay-color":"","overlay-gradient":""},"tablet":{"background-color":"var(--ast-global-color-5)","background-image":"","background-repeat":"repeat","background-position":"center center","background-size":"auto","background-attachment":"scroll","background-type":"","background-media":"","overlay-type":"","overlay-color":"","overlay-gradient":""},"mobile":{"background-color":"var(--ast-global-color-5)","background-image":"","background-repeat":"repeat","background-position":"center center","background-size":"auto","background-attachment":"scroll","background-type":"","background-media":"","overlay-type":"","overlay-color":"","overlay-gradient":""}},"footnotes":""},"class_list":["post-558","page","type-page","status-publish","hentry"],"_links":{"self":[{"href":"https:\/\/nettoyage-proservices.fr\/index.php\/wp-json\/wp\/v2\/pages\/558","targetHints":{"allow":["GET"]}}],"collection":[{"href":"https:\/\/nettoyage-proservices.fr\/index.php\/wp-json\/wp\/v2\/pages"}],"about":[{"href":"https:\/\/nettoyage-proservices.fr\/index.php\/wp-json\/wp\/v2\/types\/page"}],"author":[{"embeddable":true,"href":"https:\/\/nettoyage-proservices.fr\/index.php\/wp-json\/wp\/v2\/users\/1"}],"replies":[{"embeddable":true,"href":"https:\/\/nettoyage-proservices.fr\/index.php\/wp-json\/wp\/v2\/comments?post=558"}],"version-history":[{"count":6,"href":"https:\/\/nettoyage-proservices.fr\/index.php\/wp-json\/wp\/v2\/pages\/558\/revisions"}],"predecessor-version":[{"id":12620,"href":"https:\/\/nettoyage-proservices.fr\/index.php\/wp-json\/wp\/v2\/pages\/558\/revisions\/12620"}],"wp:attachment":[{"href":"https:\/\/nettoyage-proservices.fr\/index.php\/wp-json\/wp\/v2\/media?parent=558"}],"curies":[{"name":"wp","href":"https:\/\/api.w.org\/{rel}","templated":true}]}}