{"id":637,"date":"2015-11-04T22:41:14","date_gmt":"2015-11-04T22:41:14","guid":{"rendered":"http:\/\/nettoyage-proservices.fr\/?page_id=637"},"modified":"2015-11-04T22:41:14","modified_gmt":"2015-11-04T22:41:14","slug":"nettoyage-parking","status":"publish","type":"page","link":"https:\/\/nettoyage-proservices.fr\/index.php\/nettoyage-parking\/","title":{"rendered":"Nettoyage  Parking"},"content":{"rendered":"\t\t<div data-elementor-type=\"wp-page\" data-elementor-id=\"637\" class=\"elementor elementor-637\">\n\t\t\t\t\t\t\t\t\t<section class=\"elementor-section elementor-top-section elementor-element elementor-element-7a0d50ee elementor-section-boxed elementor-section-height-default elementor-section-height-default\" data-id=\"7a0d50ee\" data-element_type=\"section\">\n\t\t\t\t\t\t<div class=\"elementor-container elementor-column-gap-default\">\n\t\t\t\t\t<div class=\"elementor-column elementor-col-100 elementor-top-column elementor-element elementor-element-149d1402\" data-id=\"149d1402\" data-element_type=\"column\">\n\t\t\t<div class=\"elementor-widget-wrap elementor-element-populated\">\n\t\t\t\t\t\t\t\t<div class=\"elementor-element elementor-element-1ee964e2 elementor-widget elementor-widget-text-editor\" data-id=\"1ee964e2\" data-element_type=\"widget\" data-widget_type=\"text-editor.default\">\n\t\t\t\t<div class=\"elementor-widget-container\">\n\t\t\t<style>\/*! elementor - v3.8.1 - 13-11-2022 *\/\n.elementor-widget-text-editor.elementor-drop-cap-view-stacked .elementor-drop-cap{background-color:#818a91;color:#fff}.elementor-widget-text-editor.elementor-drop-cap-view-framed .elementor-drop-cap{color:#818a91;border:3px solid;background-color:transparent}.elementor-widget-text-editor:not(.elementor-drop-cap-view-default) .elementor-drop-cap{margin-top:8px}.elementor-widget-text-editor:not(.elementor-drop-cap-view-default) .elementor-drop-cap-letter{width:1em;height:1em}.elementor-widget-text-editor .elementor-drop-cap{float:left;text-align:center;line-height:1;font-size:50px}.elementor-widget-text-editor .elementor-drop-cap-letter{display:inline-block}<\/style>\t\t\t\t<p>Nettoyage entrepot parking \u00e0 Paris et Ile de France.<\/p><h2>Entreprise de nettoyage Parking &amp; Entrepot<\/h2><p>Compte tenu de la fr\u00e9quentation importante des sites commerciaux, l\u2019entretien et le nettoyage es parkings sont d\u2019autant plus important et doivent \u00eatre d\u2019autant plus r\u00e9guliers.<\/p><p>Pour cette raison faites appel \u00e0 <strong>Nettoyage proservices<\/strong>, nous sommes \u00e9quip\u00e9s du <strong>mat\u00e9riel sp\u00e9cifique<\/strong>, disposant de\u00a0<strong>personnel comp\u00e9tent<\/strong>\u00a0et connaissant les normes et les proc\u00e9dures d\u2019hygi\u00e8ne.<\/p><p>La soci\u00e9t\u00e9 <a href=\"https:\/\/debarras-proservices.fr\/\">D\u00e9barras<strong> Proservices<\/strong><\/a> intervient en r\u00e9gion parisienne pour tous types de locaux que ce soit des\u00a0<strong> petites \u00a0<\/strong>ou de<strong>\u00a0<\/strong><strong> grandes surfaces<\/strong> (boutique, magasin, entrep\u00f4t, parking\u2026).<\/p><p>En effet, D\u00e9barras Proservices propose des prestations adapt\u00e9es \u00e0 vos besoins, nous mettons en place un cahier de charge \u00e9tabli lors d&rsquo;un premier rendez-vous.<\/p><p><a href=\"https:\/\/debarras-nettoyage-proservices.fr\/wp-nps\/wp-content\/uploads\/2018\/05\/Nettoyage-entrepot-parking-.jpg\"><img decoding=\"async\" class=\"alignnone size-full wp-image-1371\" src=\"https:\/\/debarras-nettoyage-proservices.fr\/wp-nps\/wp-content\/uploads\/2018\/05\/Nettoyage-entrepot-parking-.jpg\" alt=\"Nettoyage entrepot parking\" width=\"980\" height=\"250\" \/><\/a><\/p><p><strong>Pour un nettoyage de vos locaux industriels, nous assurons :<\/strong><\/p><ul><li>Entretien et d\u00e9capage des sols.<\/li><li>Aspiration et lavage des sols<\/li><li>Lessivage m\u00fbrs et bardages<\/li><li>Nettoyage \u00e0 l&rsquo;aide de l&rsquo;auto laveuse, mono brosse \u2026<\/li><li>Lavage haute pression.<\/li><li>Entretien du mobilier\u00a0: d\u00e9poussi\u00e9rage, essuyage des surfaces de vente\u2026<\/li><li>Entretien des sanitaires<\/li><li>Nettoyage de fa\u00e7ade<\/li><li>Nettoyage des baies vitr\u00e9es<\/li><\/ul><p>Notre entreprise b\u00e9n\u00e9ficie d&rsquo;un savoir faire et d&rsquo;une r\u00e9activit\u00e9 \u00e0 la hauteur de vos exigences gr\u00e2ce \u00e0 ses intervenants qualifi\u00e9s.<\/p><p>Pour cela, nous sommes capables de vous offrir un lieu de travail agr\u00e9able, un milieu sain et soign\u00e9 pour vos collaborateurs ainsi votre client\u00e8le.<\/p><p>D\u00e9couvrez <a href=\"https:\/\/debarras-nettoyage-proservices.fr\/services-de-nettoyage\/\">nos autres services de nettoyage<\/a> telque <a href=\"https:\/\/debarras-nettoyage-proservices.fr\/nettoyage-fin-de-chantier\/\">nettoyage fin de chantier<\/a>, <a href=\"https:\/\/debarras-nettoyage-proservices.fr\/nettoyage-immeuble\/\">nettoyage d&rsquo;immeubles<\/a>, <a href=\"https:\/\/debarras-nettoyage-proservices.fr\/nettoyage-vitres\/\">nettoyage de vitres<\/a>, &#8230;<\/p><p>Pour tous renseignements, nous sommes joignables au <strong>01 43 09 81 62<\/strong> .<\/p><p>Vous pouvez \u00e9galement nous <a href=\"https:\/\/debarras-nettoyage-proservices.fr\/proservices-devis\/\">demander un devis<\/a> via notre formulaire.<\/p>\t\t\t\t\t\t<\/div>\n\t\t\t\t<\/div>\n\t\t\t\t\t<\/div>\n\t\t<\/div>\n\t\t\t\t\t\t\t<\/div>\n\t\t<\/section>\n\t\t\t\t\t\t\t<\/div>\n\t\t","protected":false},"excerpt":{"rendered":"<p>Nettoyage entrepot parking \u00e0 Paris et Ile de France. Entreprise de nettoyage Parking &amp; Entrepot Compte tenu de la fr\u00e9quentation [&hellip;]<\/p>\n","protected":false},"author":1,"featured_media":0,"parent":0,"menu_order":0,"comment_status":"closed","ping_status":"closed","template":"","meta":{"om_disable_all_campaigns":false,"_monsterinsights_skip_tracking":false,"_monsterinsights_sitenote_active":false,"_monsterinsights_sitenote_note":"","_monsterinsights_sitenote_category":0,"site-sidebar-layout":"default","site-content-layout":"","ast-site-content-layout":"","site-content-style":"default","site-sidebar-style":"default","ast-global-header-display":"","ast-banner-title-visibility":"","ast-main-header-display":"","ast-hfb-above-header-display":"","ast-hfb-below-header-display":"","ast-hfb-mobile-header-display":"","site-post-title":"","ast-breadcrumbs-content":"","ast-featured-img":"","footer-sml-layout":"","theme-transparent-header-meta":"","adv-header-id-meta":"","stick-header-meta":"","header-above-stick-meta":"","header-main-stick-meta":"","header-below-stick-meta":"","astra-migrate-meta-layouts":"default","ast-page-background-enabled":"default","ast-page-background-meta":{"desktop":{"background-color":"var(--ast-global-color-4)","background-image":"","background-repeat":"repeat","background-position":"center center","background-size":"auto","background-attachment":"scroll","background-type":"","background-media":"","overlay-type":"","overlay-color":"","overlay-gradient":""},"tablet":{"background-color":"","background-image":"","background-repeat":"repeat","background-position":"center center","background-size":"auto","background-attachment":"scroll","background-type":"","background-media":"","overlay-type":"","overlay-color":"","overlay-gradient":""},"mobile":{"background-color":"","background-image":"","background-repeat":"repeat","background-position":"center center","background-size":"auto","background-attachment":"scroll","background-type":"","background-media":"","overlay-type":"","overlay-color":"","overlay-gradient":""}},"ast-content-background-meta":{"desktop":{"background-color":"var(--ast-global-color-5)","background-image":"","background-repeat":"repeat","background-position":"center center","background-size":"auto","background-attachment":"scroll","background-type":"","background-media":"","overlay-type":"","overlay-color":"","overlay-gradient":""},"tablet":{"background-color":"var(--ast-global-color-5)","background-image":"","background-repeat":"repeat","background-position":"center center","background-size":"auto","background-attachment":"scroll","background-type":"","background-media":"","overlay-type":"","overlay-color":"","overlay-gradient":""},"mobile":{"background-color":"var(--ast-global-color-5)","background-image":"","background-repeat":"repeat","background-position":"center center","background-size":"auto","background-attachment":"scroll","background-type":"","background-media":"","overlay-type":"","overlay-color":"","overlay-gradient":""}},"footnotes":""},"class_list":["post-637","page","type-page","status-publish","hentry"],"_links":{"self":[{"href":"https:\/\/nettoyage-proservices.fr\/index.php\/wp-json\/wp\/v2\/pages\/637","targetHints":{"allow":["GET"]}}],"collection":[{"href":"https:\/\/nettoyage-proservices.fr\/index.php\/wp-json\/wp\/v2\/pages"}],"about":[{"href":"https:\/\/nettoyage-proservices.fr\/index.php\/wp-json\/wp\/v2\/types\/page"}],"author":[{"embeddable":true,"href":"https:\/\/nettoyage-proservices.fr\/index.php\/wp-json\/wp\/v2\/users\/1"}],"replies":[{"embeddable":true,"href":"https:\/\/nettoyage-proservices.fr\/index.php\/wp-json\/wp\/v2\/comments?post=637"}],"version-history":[{"count":0,"href":"https:\/\/nettoyage-proservices.fr\/index.php\/wp-json\/wp\/v2\/pages\/637\/revisions"}],"wp:attachment":[{"href":"https:\/\/nettoyage-proservices.fr\/index.php\/wp-json\/wp\/v2\/media?parent=637"}],"curies":[{"name":"wp","href":"https:\/\/api.w.org\/{rel}","templated":true}]}}